{"id":114018,"date":"2020-10-14T09:13:39","date_gmt":"2020-10-14T07:13:39","guid":{"rendered":"https:\/\/www.capandin.it\/habitaciones\/"},"modified":"2023-11-09T16:11:35","modified_gmt":"2023-11-09T15:11:35","slug":"habitaciones","status":"publish","type":"page","link":"https:\/\/www.capandin.it\/es\/habitaciones\/","title":{"rendered":"Habitaciones"},"content":{"rendered":"<p>[et_pb_section fb_built=\u00bb1&#8243; admin_label=\u00bbInner Page Hero Section 1&#8243; _builder_version=\u00bb4.22.1&#8243; _module_preset=\u00bbdefault\u00bb use_background_color_gradient=\u00bbon\u00bb background_color_gradient_stops=\u00bb#000000 0%|#ffffff 100%\u00bb background_image=\u00bbhttps:\/\/capandin.it\/wp-content\/uploads\/facciata-capandin.jpeg\u00bb background_blend=\u00bbdarken\u00bb global_module=\u00bb92519&#8243; saved_tabs=\u00bball\u00bb locked=\u00bboff\u00bb global_colors_info=\u00bb{}\u00bb][et_pb_row _builder_version=\u00bb4.20.2&#8243; _module_preset=\u00bbdefault\u00bb global_colors_info=\u00bb{}\u00bb][et_pb_column type=\u00bb4_4&#8243; _builder_version=\u00bb4.16&#8243; _module_preset=\u00bbdefault\u00bb global_colors_info=\u00bb{}\u00bb][et_pb_post_title meta=\u00bboff\u00bb featured_image=\u00bboff\u00bb text_color=\u00bblight\u00bb _builder_version=\u00bb4.20.2&#8243; _module_preset=\u00bbdefault\u00bb title_font_size=\u00bb50px\u00bb text_orientation=\u00bbcenter\u00bb title_font_size_tablet=\u00bb46px\u00bb title_font_size_phone=\u00bb42px\u00bb title_font_size_last_edited=\u00bbon|phone\u00bb global_colors_info=\u00bb{}\u00bb][\/et_pb_post_title][\/et_pb_column][\/et_pb_row][\/et_pb_section][et_pb_section fb_built=\u00bb1&#8243; _builder_version=\u00bb4.16&#8243; _module_preset=\u00bbdefault\u00bb background_enable_color=\u00bboff\u00bb locked=\u00bboff\u00bb global_colors_info=\u00bb{}\u00bb][et_pb_row _builder_version=\u00bb4.16&#8243; _module_preset=\u00bbdefault\u00bb locked=\u00bboff\u00bb global_colors_info=\u00bb{}\u00bb][et_pb_column type=\u00bb4_4&#8243; _builder_version=\u00bb4.16&#8243; _module_preset=\u00bbdefault\u00bb global_colors_info=\u00bb{}\u00bb][et_pb_text admin_label=\u00bbWhat Our Clients Are Saying\u00bb _builder_version=\u00bb4.20.2&#8243; _module_preset=\u00bbdefault\u00bb header_font=\u00bb||||||||\u00bb header_font_size=\u00bb60px\u00bb header_2_font=\u00bb||||||||\u00bb header_2_font_size=\u00bb40px\u00bb header_3_font_size=\u00bb40px\u00bb header_4_font_size=\u00bb30px\u00bb header_5_font_size=\u00bb24px\u00bb header_6_font_size=\u00bb20px\u00bb text_orientation=\u00bbcenter\u00bb custom_margin=\u00bb||10px||false|false\u00bb custom_padding=\u00bb||||false|false\u00bb header_font_size_tablet=\u00bb50px\u00bb header_font_size_phone=\u00bb40px\u00bb header_font_size_last_edited=\u00bbon|phone\u00bb header_2_font_size_tablet=\u00bb36px\u00bb header_2_font_size_phone=\u00bb32px\u00bb header_2_font_size_last_edited=\u00bbon|phone\u00bb header_3_font_size_tablet=\u00bb36px\u00bb header_3_font_size_phone=\u00bb32px\u00bb header_3_font_size_last_edited=\u00bbon|phone\u00bb header_4_font_size_tablet=\u00bb26px\u00bb header_4_font_size_phone=\u00bb22px\u00bb header_4_font_size_last_edited=\u00bbon|phone\u00bb header_5_font_size_tablet=\u00bb22px\u00bb header_5_font_size_phone=\u00bb20px\u00bb header_5_font_size_last_edited=\u00bbon|phone\u00bb header_6_font_size_tablet=\u00bb18px\u00bb header_6_font_size_phone=\u00bb16px\u00bb header_6_font_size_last_edited=\u00bbon|tablet\u00bb locked=\u00bboff\u00bb global_colors_info=\u00bb{}\u00bb]<\/p>\n<h2>Tres salas diferentes, una experiencia \u00fanica.<\/h2>\n<p>[\/et_pb_text][et_pb_text _builder_version=\u00bb4.20.2&#8243; _module_preset=\u00bbdefault\u00bb text_font=\u00bb||||||||\u00bb text_orientation=\u00bbcenter\u00bb max_width=\u00bb60%\u00bb max_width_tablet=\u00bb100%\u00bb max_width_phone=\u00bb\u00bb max_width_last_edited=\u00bbon|phone\u00bb module_alignment=\u00bbcenter\u00bb locked=\u00bboff\u00bb global_colors_info=\u00bb{}\u00bb]<\/p>\n<p>Todas nuestras habitaciones incluyen los siguientes servicios<\/p>\n<p>[\/et_pb_text][\/et_pb_column][\/et_pb_row][et_pb_row column_structure=\u00bb1_5,1_5,1_5,1_5,1_5&#8243; _builder_version=\u00bb4.20.2&#8243; _module_preset=\u00bbdefault\u00bb global_colors_info=\u00bb{}\u00bb][et_pb_column type=\u00bb1_5&#8243; _builder_version=\u00bb4.20.2&#8243; _module_preset=\u00bbdefault\u00bb global_colors_info=\u00bb{}\u00bb][\/et_pb_column][et_pb_column type=\u00bb1_5&#8243; _builder_version=\u00bb4.20.2&#8243; _module_preset=\u00bbdefault\u00bb global_colors_info=\u00bb{}\u00bb][et_pb_blurb title=\u00bbWIFI\u00bb use_icon=\u00bbon\u00bb font_icon=\u00bb&#xf1eb;||fa||900&#8243; icon_color=\u00bbgcid-cabca713-8874-4597-8eb3-60e34ae261f6&#8243; icon_placement=\u00bbleft\u00bb image_icon_width=\u00bb47px\u00bb _builder_version=\u00bb4.20.2&#8243; _module_preset=\u00bbdefault\u00bb text_orientation=\u00bbcenter\u00bb custom_padding=\u00bb||||false|false\u00bb global_colors_info=\u00bb{%22gcid-cabca713-8874-4597-8eb3-60e34ae261f6%22:%91%22icon_color%22%93}\u00bb]<\/p>\n<p>incluido<\/p>\n<p>[\/et_pb_blurb][\/et_pb_column][et_pb_column type=\u00bb1_5&#8243; _builder_version=\u00bb4.20.2&#8243; _module_preset=\u00bbdefault\u00bb global_colors_info=\u00bb{}\u00bb][et_pb_blurb title=\u00bbAnimales\u00bb use_icon=\u00bbon\u00bb font_icon=\u00bb&#xf1b0;||fa||900&#8243; icon_color=\u00bbgcid-cabca713-8874-4597-8eb3-60e34ae261f6&#8243; icon_placement=\u00bbleft\u00bb image_icon_width=\u00bb47px\u00bb _builder_version=\u00bb4.21.0&#8243; _module_preset=\u00bbdefault\u00bb text_orientation=\u00bbcenter\u00bb global_colors_info=\u00bb{%22gcid-cabca713-8874-4597-8eb3-60e34ae261f6%22:%91%22icon_color%22%93}\u00bb]<\/p>\n<p>admitido <br \/>(con suplemento)<\/p>\n<p>[\/et_pb_blurb][\/et_pb_column][et_pb_column type=\u00bb1_5&#8243; _builder_version=\u00bb4.20.2&#8243; _module_preset=\u00bbdefault\u00bb global_colors_info=\u00bb{}\u00bb][et_pb_blurb title=\u00bbAparcamiento\u00bb use_icon=\u00bbon\u00bb font_icon=\u00bb&#xf540;||fa||900&#8243; icon_color=\u00bbgcid-cabca713-8874-4597-8eb3-60e34ae261f6&#8243; icon_placement=\u00bbleft\u00bb image_icon_width=\u00bb47px\u00bb _builder_version=\u00bb4.20.2&#8243; _module_preset=\u00bbdefault\u00bb text_orientation=\u00bbcenter\u00bb global_colors_info=\u00bb{%22gcid-cabca713-8874-4597-8eb3-60e34ae261f6%22:%91%22icon_color%22%93}\u00bb]<\/p>\n<p>c\u00f3modo en su estructura<\/p>\n<p>[\/et_pb_blurb][\/et_pb_column][et_pb_column type=\u00bb1_5&#8243; _builder_version=\u00bb4.20.2&#8243; _module_preset=\u00bbdefault\u00bb global_colors_info=\u00bb{}\u00bb][\/et_pb_column][\/et_pb_row][et_pb_row column_structure=\u00bb1_3,1_3,1_3&#8243; _builder_version=\u00bb4.22.1&#8243; _module_preset=\u00bbdefault\u00bb locked=\u00bboff\u00bb global_colors_info=\u00bb{}\u00bb][et_pb_column type=\u00bb1_3&#8243; _builder_version=\u00bb4.22.1&#8243; _module_preset=\u00bbdefault\u00bb box_shadow_style=\u00bbpreset1&#8243; global_colors_info=\u00bb{}\u00bb][et_pb_image src=\u00bbhttps:\/\/www.capandin.it\/wp-content\/uploads\/Raspberry_256_lampone.png\u00bb title_text=\u00bbRaspberry_256_lampone\u00bb url=\u00bbhttps:\/\/www.capandin.it\/es\/habitacion-frambuesa\/\u00bb show_bottom_space=\u00bboff\u00bb align=\u00bbcenter\u00bb _builder_version=\u00bb4.20.2&#8243; _module_preset=\u00bbdefault\u00bb width=\u00bb30%\u00bb custom_padding=\u00bb||20px||false|false\u00bb global_colors_info=\u00bb{}\u00bb][\/et_pb_image][et_pb_text admin_label=\u00bbOur Blog\u00bb _builder_version=\u00bb4.22.1&#8243; _module_preset=\u00bbdefault\u00bb text_text_color=\u00bbgcid-7db9f6eb-8d02-4d18-a614-f8e13379488c\u00bb text_font_size=\u00bb20px\u00bb header_font=\u00bb||||||||\u00bb header_font_size=\u00bb60px\u00bb header_2_font_size=\u00bb40px\u00bb header_3_font_size=\u00bb40px\u00bb header_4_font_size=\u00bb30px\u00bb header_5_font_size=\u00bb24px\u00bb header_6_text_color=\u00bb#bfbfbf\u00bb header_6_font_size=\u00bb20px\u00bb text_orientation=\u00bbcenter\u00bb header_font_size_tablet=\u00bb50px\u00bb header_font_size_phone=\u00bb40px\u00bb header_font_size_last_edited=\u00bbon|phone\u00bb header_2_font_size_tablet=\u00bb36px\u00bb header_2_font_size_phone=\u00bb32px\u00bb header_2_font_size_last_edited=\u00bbon|phone\u00bb header_3_font_size_tablet=\u00bb36px\u00bb header_3_font_size_phone=\u00bb32px\u00bb header_3_font_size_last_edited=\u00bbon|phone\u00bb header_4_font_size_tablet=\u00bb26px\u00bb header_4_font_size_phone=\u00bb22px\u00bb header_4_font_size_last_edited=\u00bbon|phone\u00bb header_5_font_size_tablet=\u00bb22px\u00bb header_5_font_size_phone=\u00bb20px\u00bb header_5_font_size_last_edited=\u00bbon|phone\u00bb header_6_font_size_tablet=\u00bb18px\u00bb header_6_font_size_phone=\u00bb16px\u00bb header_6_font_size_last_edited=\u00bbon|tablet\u00bb locked=\u00bboff\u00bb global_colors_info=\u00bb{%22gcid-7db9f6eb-8d02-4d18-a614-f8e13379488c%22:%91%22text_text_color%22%93}\u00bb]<\/p>\n<p>Habitaci\u00f3n Frambuesa<\/p>\n<p>[\/et_pb_text][et_pb_image src=\u00bbhttps:\/\/capandin.it\/wp-content\/uploads\/lampone-home.jpg\u00bb title_text=\u00bblampone-home\u00bb _builder_version=\u00bb4.22.1&#8243; _module_preset=\u00bbdefault\u00bb global_colors_info=\u00bb{}\u00bb][\/et_pb_image][et_pb_text _builder_version=\u00bb4.22.1&#8243; _module_preset=\u00bbdefault\u00bb global_colors_info=\u00bb{}\u00bb]<\/p>\n<div class=\"dipl_image_card_content\">\n<div data-shortcode-id=\"4.1.0.3-1694094351617\" data-quickaccess-editable=\"yes\" class=\"et-fb-popover-tinymce\">\n<div class=\"mce-content-body\" contenteditable=\"true\" style=\"position: relative;\">\n<p style=\"text-align: center;\">desde 75 \u20ac<\/p>\n<\/div>\n<\/div>\n<\/div>\n<div class=\"et_pb_button_wrapper\"><\/div>\n<p>[\/et_pb_text][et_pb_button button_url=\u00bb@ET-DC@eyJkeW5hbWljIjp0cnVlLCJjb250ZW50IjoicG9zdF9saW5rX3VybF9wYWdlIiwic2V0dGluZ3MiOnsicG9zdF9pZCI6IjExMTkyOSJ9fQ==@\u00bb button_text=\u00bbM\u00e1s informaci\u00f3n\u00bb button_alignment=\u00bbcenter\u00bb _builder_version=\u00bb4.23.1&#8243; _dynamic_attributes=\u00bbbutton_url\u00bb _module_preset=\u00bbdefault\u00bb custom_button=\u00bbon\u00bb button_text_color=\u00bb#FFFFFF\u00bb button_bg_color=\u00bbgcid-7db9f6eb-8d02-4d18-a614-f8e13379488c\u00bb hover_enabled=\u00bb0&#8243; global_colors_info=\u00bb{%22gcid-7db9f6eb-8d02-4d18-a614-f8e13379488c%22:%91%22button_bg_color%22%93}\u00bb custom_margin=\u00bb||20px||false|false\u00bb sticky_enabled=\u00bb0&#8243;][\/et_pb_button][\/et_pb_column][et_pb_column type=\u00bb1_3&#8243; _builder_version=\u00bb4.22.1&#8243; _module_preset=\u00bbdefault\u00bb box_shadow_style=\u00bbpreset1&#8243; global_colors_info=\u00bb{}\u00bb][et_pb_image src=\u00bbhttps:\/\/www.capandin.it\/wp-content\/uploads\/Strawberry_256_fragola.png\u00bb title_text=\u00bbStrawberry_256_fragola\u00bb url=\u00bbhttps:\/\/www.capandin.it\/es\/habitacion-fresa\/\u00bb show_bottom_space=\u00bboff\u00bb align=\u00bbcenter\u00bb _builder_version=\u00bb4.20.2&#8243; _module_preset=\u00bbdefault\u00bb width=\u00bb30%\u00bb custom_padding=\u00bb||20px||false|false\u00bb global_colors_info=\u00bb{}\u00bb][\/et_pb_image][et_pb_text admin_label=\u00bbOur Blog\u00bb _builder_version=\u00bb4.22.1&#8243; _module_preset=\u00bbdefault\u00bb text_text_color=\u00bbgcid-68a02878-2ef0-4608-822f-5df9bb7d76b3&#8243; text_font_size=\u00bb20px\u00bb header_font=\u00bb||||||||\u00bb header_font_size=\u00bb60px\u00bb header_2_font_size=\u00bb40px\u00bb header_3_font_size=\u00bb40px\u00bb header_4_font_size=\u00bb30px\u00bb header_5_font_size=\u00bb24px\u00bb header_6_text_color=\u00bb#bfbfbf\u00bb header_6_font_size=\u00bb20px\u00bb text_orientation=\u00bbcenter\u00bb header_font_size_tablet=\u00bb50px\u00bb header_font_size_phone=\u00bb40px\u00bb header_font_size_last_edited=\u00bbon|phone\u00bb header_2_font_size_tablet=\u00bb36px\u00bb header_2_font_size_phone=\u00bb32px\u00bb header_2_font_size_last_edited=\u00bbon|phone\u00bb header_3_font_size_tablet=\u00bb36px\u00bb header_3_font_size_phone=\u00bb32px\u00bb header_3_font_size_last_edited=\u00bbon|phone\u00bb header_4_font_size_tablet=\u00bb26px\u00bb header_4_font_size_phone=\u00bb22px\u00bb header_4_font_size_last_edited=\u00bbon|phone\u00bb header_5_font_size_tablet=\u00bb22px\u00bb header_5_font_size_phone=\u00bb20px\u00bb header_5_font_size_last_edited=\u00bbon|phone\u00bb header_6_font_size_tablet=\u00bb18px\u00bb header_6_font_size_phone=\u00bb16px\u00bb header_6_font_size_last_edited=\u00bbon|tablet\u00bb locked=\u00bboff\u00bb global_colors_info=\u00bb{%22gcid-68a02878-2ef0-4608-822f-5df9bb7d76b3%22:%91%22text_text_color%22%93}\u00bb]<\/p>\n<p>Habitaci\u00f3n Fresa<\/p>\n<p>[\/et_pb_text][et_pb_image src=\u00bbhttps:\/\/capandin.it\/wp-content\/uploads\/fragola-home.jpg\u00bb title_text=\u00bbfragola-home\u00bb _builder_version=\u00bb4.22.1&#8243; _module_preset=\u00bbdefault\u00bb global_colors_info=\u00bb{}\u00bb][\/et_pb_image][et_pb_text _builder_version=\u00bb4.22.1&#8243; _module_preset=\u00bbdefault\u00bb global_colors_info=\u00bb{}\u00bb]<\/p>\n<div class=\"dipl_image_card_content\">\n<div data-shortcode-id=\"4.1.0.3-1694094351617\" data-quickaccess-editable=\"yes\" class=\"et-fb-popover-tinymce\">\n<div class=\"mce-content-body\" contenteditable=\"true\" style=\"position: relative;\">\n<p style=\"text-align: center;\">desde 75 \u20ac<\/p>\n<\/div>\n<\/div>\n<\/div>\n<div class=\"et_pb_button_wrapper\"><\/div>\n<p>[\/et_pb_text][et_pb_button button_url=\u00bb@ET-DC@eyJkeW5hbWljIjp0cnVlLCJjb250ZW50IjoicG9zdF9saW5rX3VybF9wYWdlIiwic2V0dGluZ3MiOnsicG9zdF9pZCI6IjExMjAzOCJ9fQ==@\u00bb button_text=\u00bbM\u00e1s informaci\u00f3n\u00bb button_alignment=\u00bbcenter\u00bb _builder_version=\u00bb4.23.1&#8243; _dynamic_attributes=\u00bbbutton_url\u00bb _module_preset=\u00bbdefault\u00bb custom_button=\u00bbon\u00bb button_text_color=\u00bb#FFFFFF\u00bb button_bg_color=\u00bbgcid-68a02878-2ef0-4608-822f-5df9bb7d76b3&#8243; hover_enabled=\u00bb0&#8243; global_colors_info=\u00bb{%22gcid-68a02878-2ef0-4608-822f-5df9bb7d76b3%22:%91%22button_bg_color%22%93}\u00bb custom_margin=\u00bb||20px||false|false\u00bb sticky_enabled=\u00bb0&#8243;][\/et_pb_button][\/et_pb_column][et_pb_column type=\u00bb1_3&#8243; _builder_version=\u00bb4.22.1&#8243; _module_preset=\u00bbdefault\u00bb box_shadow_style=\u00bbpreset1&#8243; global_colors_info=\u00bb{}\u00bb][et_pb_image src=\u00bbhttps:\/\/www.capandin.it\/wp-content\/uploads\/Blueberry_256_mirtillo.png\u00bb title_text=\u00bbBlueberry_256_mirtillo\u00bb url=\u00bbhttps:\/\/www.capandin.it\/es\/habitacion-blueberry\/\u00bb show_bottom_space=\u00bboff\u00bb align=\u00bbcenter\u00bb _builder_version=\u00bb4.20.2&#8243; _module_preset=\u00bbdefault\u00bb width=\u00bb30%\u00bb custom_padding=\u00bb||20px||false|false\u00bb global_colors_info=\u00bb{}\u00bb][\/et_pb_image][et_pb_text admin_label=\u00bbOur Blog\u00bb _builder_version=\u00bb4.22.1&#8243; _module_preset=\u00bbdefault\u00bb text_text_color=\u00bbgcid-819a4c7f-4315-4309-a006-abe3d700d2ce\u00bb text_font_size=\u00bb20px\u00bb header_font=\u00bb||||||||\u00bb header_font_size=\u00bb60px\u00bb header_2_font_size=\u00bb40px\u00bb header_3_font_size=\u00bb40px\u00bb header_4_font_size=\u00bb30px\u00bb header_5_font_size=\u00bb24px\u00bb header_6_text_color=\u00bb#bfbfbf\u00bb header_6_font_size=\u00bb20px\u00bb text_orientation=\u00bbcenter\u00bb header_font_size_tablet=\u00bb50px\u00bb header_font_size_phone=\u00bb40px\u00bb header_font_size_last_edited=\u00bbon|phone\u00bb header_2_font_size_tablet=\u00bb36px\u00bb header_2_font_size_phone=\u00bb32px\u00bb header_2_font_size_last_edited=\u00bbon|phone\u00bb header_3_font_size_tablet=\u00bb36px\u00bb header_3_font_size_phone=\u00bb32px\u00bb header_3_font_size_last_edited=\u00bbon|phone\u00bb header_4_font_size_tablet=\u00bb26px\u00bb header_4_font_size_phone=\u00bb22px\u00bb header_4_font_size_last_edited=\u00bbon|phone\u00bb header_5_font_size_tablet=\u00bb22px\u00bb header_5_font_size_phone=\u00bb20px\u00bb header_5_font_size_last_edited=\u00bbon|phone\u00bb header_6_font_size_tablet=\u00bb18px\u00bb header_6_font_size_phone=\u00bb16px\u00bb header_6_font_size_last_edited=\u00bbon|tablet\u00bb locked=\u00bboff\u00bb global_colors_info=\u00bb{%22gcid-819a4c7f-4315-4309-a006-abe3d700d2ce%22:%91%22text_text_color%22%93}\u00bb]<\/p>\n<p>Habitaci\u00f3n Ar\u00e1ndanos<\/p>\n<p>[\/et_pb_text][et_pb_image src=\u00bbhttps:\/\/capandin.it\/wp-content\/uploads\/mirtillo-home.jpg\u00bb title_text=\u00bbmirtillo-home\u00bb _builder_version=\u00bb4.22.1&#8243; _module_preset=\u00bbdefault\u00bb global_colors_info=\u00bb{}\u00bb][\/et_pb_image][et_pb_text _builder_version=\u00bb4.22.1&#8243; _module_preset=\u00bbdefault\u00bb global_colors_info=\u00bb{}\u00bb]<\/p>\n<div class=\"dipl_image_card_content\">\n<div data-shortcode-id=\"4.1.0.3-1694094351617\" data-quickaccess-editable=\"yes\" class=\"et-fb-popover-tinymce\">\n<div class=\"mce-content-body\" contenteditable=\"true\" style=\"position: relative;\">\n<p style=\"text-align: center;\">desde 75 \u20ac<\/p>\n<\/div>\n<\/div>\n<\/div>\n<div class=\"et_pb_button_wrapper\"><\/div>\n<p>[\/et_pb_text][et_pb_button button_url=\u00bb@ET-DC@eyJkeW5hbWljIjp0cnVlLCJjb250ZW50IjoicG9zdF9saW5rX3VybF9wYWdlIiwic2V0dGluZ3MiOnsicG9zdF9pZCI6IjExMjA0NSJ9fQ==@\u00bb button_text=\u00bbM\u00e1s informaci\u00f3n\u00bb button_alignment=\u00bbcenter\u00bb _builder_version=\u00bb4.23.1&#8243; _dynamic_attributes=\u00bbbutton_url\u00bb _module_preset=\u00bbdefault\u00bb custom_button=\u00bbon\u00bb button_text_color=\u00bb#FFFFFF\u00bb button_bg_color=\u00bbgcid-819a4c7f-4315-4309-a006-abe3d700d2ce\u00bb hover_enabled=\u00bb0&#8243; global_colors_info=\u00bb{%22gcid-819a4c7f-4315-4309-a006-abe3d700d2ce%22:%91%22button_bg_color%22%93}\u00bb custom_margin=\u00bb||20px||false|false\u00bb sticky_enabled=\u00bb0&#8243;][\/et_pb_button][\/et_pb_column][\/et_pb_row][\/et_pb_section]<\/p>\n","protected":false},"excerpt":{"rendered":"<p>Tres salas diferentes, una experiencia \u00fanica.Todas nuestras habitaciones incluyen los siguientes serviciosincluidoadmitido (con suplemento)c\u00f3modo en su estructuraHabitaci\u00f3n Frambuesa desde 75 \u20ac Habitaci\u00f3n Fresa desde 75 \u20ac Habitaci\u00f3n Ar\u00e1ndanos desde 75 \u20ac<\/p>\n","protected":false},"author":1,"featured_media":0,"parent":0,"menu_order":0,"comment_status":"closed","ping_status":"closed","template":"","meta":{"_et_pb_use_builder":"on","_et_pb_old_content":"","_et_gb_content_width":"","footnotes":""},"class_list":["post-114018","page","type-page","status-publish","hentry"],"_links":{"self":[{"href":"https:\/\/www.capandin.it\/es\/wp-json\/wp\/v2\/pages\/114018","targetHints":{"allow":["GET"]}}],"collection":[{"href":"https:\/\/www.capandin.it\/es\/wp-json\/wp\/v2\/pages"}],"about":[{"href":"https:\/\/www.capandin.it\/es\/wp-json\/wp\/v2\/types\/page"}],"author":[{"embeddable":true,"href":"https:\/\/www.capandin.it\/es\/wp-json\/wp\/v2\/users\/1"}],"replies":[{"embeddable":true,"href":"https:\/\/www.capandin.it\/es\/wp-json\/wp\/v2\/comments?post=114018"}],"version-history":[{"count":13,"href":"https:\/\/www.capandin.it\/es\/wp-json\/wp\/v2\/pages\/114018\/revisions"}],"predecessor-version":[{"id":114931,"href":"https:\/\/www.capandin.it\/es\/wp-json\/wp\/v2\/pages\/114018\/revisions\/114931"}],"wp:attachment":[{"href":"https:\/\/www.capandin.it\/es\/wp-json\/wp\/v2\/media?parent=114018"}],"curies":[{"name":"wp","href":"https:\/\/api.w.org\/{rel}","templated":true}]}}