{"id":114076,"date":"2020-10-15T03:25:50","date_gmt":"2020-10-15T01:25:50","guid":{"rendered":"https:\/\/www.capandin.it\/sobre-nosotros\/"},"modified":"2023-09-07T12:18:15","modified_gmt":"2023-09-07T10:18:15","slug":"sobre-nosotros","status":"publish","type":"page","link":"https:\/\/www.capandin.it\/es\/sobre-nosotros\/","title":{"rendered":"Sobre nosotros"},"content":{"rendered":"<p>[et_pb_section fb_built=\u00bb1&#8243; admin_label=\u00bbInner Page Hero Section 1&#8243; _builder_version=\u00bb4.21.0&#8243; _module_preset=\u00bbdefault\u00bb background_image=\u00bbhttps:\/\/capandin.it\/wp-content\/uploads\/facciata-capandin.jpeg\u00bb background_blend=\u00bbdarken\u00bb global_module=\u00bb92519&#8243; saved_tabs=\u00bball\u00bb locked=\u00bboff\u00bb global_colors_info=\u00bb{}\u00bb][et_pb_row _builder_version=\u00bb4.20.2&#8243; _module_preset=\u00bbdefault\u00bb global_colors_info=\u00bb{}\u00bb][et_pb_column type=\u00bb4_4&#8243; _builder_version=\u00bb4.16&#8243; _module_preset=\u00bbdefault\u00bb global_colors_info=\u00bb{}\u00bb][et_pb_post_title meta=\u00bboff\u00bb featured_image=\u00bboff\u00bb text_color=\u00bblight\u00bb _builder_version=\u00bb4.20.2&#8243; _module_preset=\u00bbdefault\u00bb title_font_size=\u00bb50px\u00bb text_orientation=\u00bbcenter\u00bb title_font_size_tablet=\u00bb46px\u00bb title_font_size_phone=\u00bb42px\u00bb title_font_size_last_edited=\u00bbon|phone\u00bb global_colors_info=\u00bb{}\u00bb][\/et_pb_post_title][\/et_pb_column][\/et_pb_row][\/et_pb_section][et_pb_section fb_built=\u00bb1&#8243; _builder_version=\u00bb4.16&#8243; _module_preset=\u00bbdefault\u00bb locked=\u00bboff\u00bb global_colors_info=\u00bb{}\u00bb][et_pb_row column_structure=\u00bb1_2,1_2&#8243; _builder_version=\u00bb4.21.0&#8243; _module_preset=\u00bbdefault\u00bb custom_css_main_element=\u00bbdisplay: flex;||align-items: center;||flex-wrap: wrap;\u00bb global_colors_info=\u00bb{}\u00bb][et_pb_column type=\u00bb1_2&#8243; _builder_version=\u00bb4.21.0&#8243; _module_preset=\u00bbdefault\u00bb custom_padding=\u00bb0px||0px||false|false\u00bb global_colors_info=\u00bb{}\u00bb][et_pb_text admin_label=\u00bbFlexile Perfection\u00bb _builder_version=\u00bb4.20.1&#8243; _module_preset=\u00bbdefault\u00bb header_font=\u00bbLato|900|||||||\u00bb header_font_size=\u00bb60px\u00bb header_line_height=\u00bb1.1em\u00bb header_font_size_tablet=\u00bb50px\u00bb header_font_size_phone=\u00bb40px\u00bb header_font_size_last_edited=\u00bbon|phone\u00bb global_colors_info=\u00bb{}\u00bb]<\/p>\n<h1>Ca d\u2019Pandin<\/h1>\n<h2>Los or\u00edgenes del nombre<\/h2>\n<p>[\/et_pb_text][et_pb_text _builder_version=\u00bb4.20.1&#8243; _module_preset=\u00bbdefault\u00bb text_font=\u00bbPoppins|300|||||||\u00bb text_text_color=\u00bb#000000&#8243; text_font_size=\u00bb16px\u00bb text_line_height=\u00bb1.8em\u00bb hover_enabled=\u00bb0&#8243; text_font_size_tablet=\u00bb\u00bb text_font_size_phone=\u00bb14px\u00bb text_font_size_last_edited=\u00bbon|phone\u00bb global_colors_info=\u00bb{}\u00bb sticky_enabled=\u00bb0&#8243;]<\/p>\n<p>El nombre de Ca d&#8217;Pandin procede del apodo con el que se conoc\u00eda a los tatarabuelos de la <strong>Familia Dutto<\/strong>, los propietarios de la estructura. De hecho, cada zona de la ciudad de Peveragno correspond\u00eda a un \u00abstranom\u00bb y el de la zona donde se encuentra la estructura es precisamente \u00ab<strong>Pandin<\/strong>\u00ab<\/p>\n<p>La casa perteneci\u00f3 originalmente a los bisabuelos de Franca, la propietaria, y constaba de una cocina, un granero y un establo; En la renovaci\u00f3n hemos intentado recrear un ambiente r\u00fastico, manteniendo la estructura lo m\u00e1s parecida posible a la original, pero al mismo tiempo acogedora y renovada en su estilo<\/p>\n<p>Ca d&#8217;Pandin se encuentra en <strong>Peveragno<\/strong>, un peque\u00f1o y caracter\u00edstico pueblo a <strong>los pies de la cordillera de Bisalta<\/strong>, en los Alpes Mar\u00edtimos.<br \/>Es un excelente punto de partida para numerosos itinerarios tur\u00edsticos, ideal para pasear a pie o en bicicleta<\/p>\n<p>[\/et_pb_text][\/et_pb_column][et_pb_column type=\u00bb1_2&#8243; _builder_version=\u00bb4.21.0&#8243; _module_preset=\u00bbdefault\u00bb custom_padding=\u00bb0px||0px||false|false\u00bb global_colors_info=\u00bb{}\u00bb][et_pb_image src=\u00bbhttps:\/\/capandin.it\/wp-content\/uploads\/facciata-capandin.jpeg\u00bb alt=\u00bbFlexile Cycle\u00bb title_text=\u00bbfacciata-capandin\u00bb _builder_version=\u00bb4.22.1&#8243; _module_preset=\u00bbdefault\u00bb hover_enabled=\u00bb0&#8243; global_colors_info=\u00bb{}\u00bb sticky_enabled=\u00bb0&#8243;][\/et_pb_image][\/et_pb_column][\/et_pb_row][et_pb_row column_structure=\u00bb1_3,2_3&#8243; _builder_version=\u00bb4.20.1&#8243; _module_preset=\u00bbdefault\u00bb custom_css_main_element=\u00bbdisplay: flex;||align-items: center;||flex-wrap: wrap;\u00bb global_colors_info=\u00bb{}\u00bb][et_pb_column type=\u00bb1_3&#8243; _builder_version=\u00bb4.20.1&#8243; _module_preset=\u00bbdefault\u00bb global_colors_info=\u00bb{}\u00bb][divi_pro_gallery gallery_ids=\u00bb112008&#8243; image_size=\u00bbmedium_large\u00bb gallery_type=\u00bbslider\u00bb columns=\u00bb1&#8243; hide_caption=\u00bbon\u00bb _builder_version=\u00bb4.21.0&#8243; _module_preset=\u00bbdefault\u00bb global_colors_info=\u00bb{}\u00bb][\/divi_pro_gallery][\/et_pb_column][et_pb_column type=\u00bb2_3&#8243; _builder_version=\u00bb4.20.1&#8243; _module_preset=\u00bbdefault\u00bb border_color_all=\u00bbgcid-cabca713-8874-4597-8eb3-60e34ae261f6&#8243; global_colors_info=\u00bb{%22gcid-cabca713-8874-4597-8eb3-60e34ae261f6%22:%91%22border_color_all%22%93}\u00bb][et_pb_text admin_label=\u00bbAbout Us\u00bb _builder_version=\u00bb4.21.0&#8243; _module_preset=\u00bbdefault\u00bb header_font=\u00bb||||||||\u00bb header_font_size=\u00bb60px\u00bb header_2_font_size=\u00bb40px\u00bb header_3_font_size=\u00bb40px\u00bb header_4_font_size=\u00bb30px\u00bb header_5_font_size=\u00bb24px\u00bb header_6_text_color=\u00bb#bfbfbf\u00bb header_6_font_size=\u00bb20px\u00bb custom_margin=\u00bb||15px||false|false\u00bb header_font_size_tablet=\u00bb50px\u00bb header_font_size_phone=\u00bb40px\u00bb header_font_size_last_edited=\u00bbon|phone\u00bb header_2_font_size_tablet=\u00bb36px\u00bb header_2_font_size_phone=\u00bb32px\u00bb header_2_font_size_last_edited=\u00bbon|phone\u00bb header_3_font_size_tablet=\u00bb36px\u00bb header_3_font_size_phone=\u00bb32px\u00bb header_3_font_size_last_edited=\u00bbon|phone\u00bb header_4_font_size_tablet=\u00bb26px\u00bb header_4_font_size_phone=\u00bb22px\u00bb header_4_font_size_last_edited=\u00bbon|phone\u00bb header_5_font_size_tablet=\u00bb22px\u00bb header_5_font_size_phone=\u00bb20px\u00bb header_5_font_size_last_edited=\u00bbon|phone\u00bb header_6_font_size_tablet=\u00bb18px\u00bb header_6_font_size_phone=\u00bb16px\u00bb header_6_font_size_last_edited=\u00bbon|tablet\u00bb locked=\u00bboff\u00bb global_colors_info=\u00bb{}\u00bb]<\/p>\n<h2>Una aut\u00e9ntica pasi\u00f3n<\/h2>\n<p>[\/et_pb_text][et_pb_text _builder_version=\u00bb4.22.1&#8243; _module_preset=\u00bbdefault\u00bb text_font=\u00bbPoppins|300|||||||\u00bb text_text_color=\u00bb#000000&#8243; text_font_size=\u00bb16px\u00bb text_line_height=\u00bb1.8em\u00bb hover_enabled=\u00bb0&#8243; text_font_size_tablet=\u00bb16px\u00bb text_font_size_phone=\u00bb14px\u00bb text_font_size_last_edited=\u00bbon|phone\u00bb global_colors_info=\u00bb{}\u00bb sticky_enabled=\u00bb0&#8243;]<\/p>\n<p>Nuestro encantador establecimiento, situado en el pintoresco pueblo de Peveragno, a los pies de las monta\u00f1as de Bisalta, se complace en ofrecer una aut\u00e9ntica experiencia de desayuno casero con productos locales de km 0; Disfrute de los deliciosos sabores de nuestro pan reci\u00e9n horneado y de nuestros deliciosos manjares caseros, todos hechos con amor. <\/p>\n<p>[\/et_pb_text][dipl_image_mask _builder_version=\u00bb4.20.1&#8243; _module_preset=\u00bbdefault\u00bb global_colors_info=\u00bb{}\u00bb][\/dipl_image_mask][\/et_pb_column][\/et_pb_row][et_pb_row column_structure=\u00bb3_5,2_5&#8243; _builder_version=\u00bb4.20.1&#8243; _module_preset=\u00bbdefault\u00bb custom_css_main_element=\u00bbdisplay: flex;||align-items: center;||flex-wrap: wrap;\u00bb global_colors_info=\u00bb{}\u00bb][et_pb_column type=\u00bb3_5&#8243; _builder_version=\u00bb4.20.1&#8243; _module_preset=\u00bbdefault\u00bb global_colors_info=\u00bb{}\u00bb][et_pb_text admin_label=\u00bbAbout Us\u00bb _builder_version=\u00bb4.20.1&#8243; _module_preset=\u00bbdefault\u00bb header_font=\u00bb||||||||\u00bb header_font_size=\u00bb60px\u00bb header_2_font_size=\u00bb40px\u00bb header_3_font_size=\u00bb40px\u00bb header_4_font_size=\u00bb30px\u00bb header_5_font_size=\u00bb24px\u00bb header_6_text_color=\u00bb#bfbfbf\u00bb header_6_font_size=\u00bb20px\u00bb custom_margin=\u00bb||15px||false|false\u00bb header_font_size_tablet=\u00bb50px\u00bb header_font_size_phone=\u00bb40px\u00bb header_font_size_last_edited=\u00bbon|phone\u00bb header_2_font_size_tablet=\u00bb36px\u00bb header_2_font_size_phone=\u00bb32px\u00bb header_2_font_size_last_edited=\u00bbon|phone\u00bb header_3_font_size_tablet=\u00bb36px\u00bb header_3_font_size_phone=\u00bb32px\u00bb header_3_font_size_last_edited=\u00bbon|phone\u00bb header_4_font_size_tablet=\u00bb26px\u00bb header_4_font_size_phone=\u00bb22px\u00bb header_4_font_size_last_edited=\u00bbon|phone\u00bb header_5_font_size_tablet=\u00bb22px\u00bb header_5_font_size_phone=\u00bb20px\u00bb header_5_font_size_last_edited=\u00bbon|phone\u00bb header_6_font_size_tablet=\u00bb18px\u00bb header_6_font_size_phone=\u00bb16px\u00bb header_6_font_size_last_edited=\u00bbon|tablet\u00bb locked=\u00bboff\u00bb global_colors_info=\u00bb{}\u00bb]<\/p>\n<h2>Certosa di Pesio<\/h2>\n<p>[\/et_pb_text][et_pb_text _builder_version=\u00bb4.20.1&#8243; _module_preset=\u00bbdefault\u00bb text_font=\u00bbPoppins|300|||||||\u00bb text_text_color=\u00bb#000000&#8243; text_font_size=\u00bb16px\u00bb text_line_height=\u00bb1.8em\u00bb text_font_size_tablet=\u00bb16px\u00bb text_font_size_phone=\u00bb14px\u00bb text_font_size_last_edited=\u00bbon|phone\u00bb global_colors_info=\u00bb{}\u00bb]<\/p>\n<p><span>A 15 minutos en coche se encuentra el<\/span><strong> Certosia de Pesio<\/strong><span>situado a 859 metros sobre el nivel del mar La fundaci\u00f3n de la Cartuja se remonta a 1173, a\u00f1o en que los Consignatarios de Morozzo donaron a la Orden de los Cartujos tierras en el alto valle del Pesio El monasterio, no lejos de la casa madre de Grenoble, ser\u00e1 el tercero de Italia tras el calabr\u00e9s de Serra San Bruno, fundado por San Brunone en 1090, y el vecino de Casotto, construido en 1170 en una zona entre Garessio y Pamparato Los monjes se instalaron inicialmente a la izquierda orogr\u00e1fica del arroyo Pesio, construyendo la Correria, que se convirti\u00f3 en la sede de los Conversi, los miembros laicos de la Comunidad Mon\u00e1stica<\/span><br \/><span>En el siglo XVI, la Cartuja de Pesio se ampli\u00f3 considerablemente con la construcci\u00f3n de un gran claustro en la planta superior, caracterizado por esbeltas y elegantes columnas de piedra, y una iglesia, que con el tiempo se convertir\u00eda en un tesoro de preciosas obras de arte<\/span><br \/><span>Hacia mediados del siglo XVII, la Cartuja fue profundamente redise\u00f1ada por el arquitecto de la Corte de Saboya Giovenale Boetto con la construcci\u00f3n, entre otras cosas, de la elegante logia que se extiende al final de la avenida de entrada y de la monumental escalera que conecta las dos plantas del Monasterio En 1802, la Cartuja de Pesio fue suprimida por el gobierno napole\u00f3nico y sus considerables propiedades y bienes art\u00edsticos se dispersaron en mil riachuelos<\/span><br \/><span>A mediados del siglo XIX, los austeros muros del monasterio se transformaron en un establecimiento hidroterap\u00e9utico frecuentado por lo mejor de la sociedad europea<\/span><br \/><span>Al estallar la Primera Guerra Mundial, la f\u00e1brica cerr\u00f3 sus puertas y la Cartuja qued\u00f3 casi abandonada a s\u00ed misma durante muchos a\u00f1os, hasta la llegada de los Padres de la Consolata en 1934, que restauraron con pasi\u00f3n y perseverancia el imponente complejo mon\u00e1stico y lo convirtieron en el centro de numerosas actividades religiosas<\/span><\/p>\n<p>[\/et_pb_text][\/et_pb_column][et_pb_column type=\u00bb2_5&#8243; _builder_version=\u00bb4.20.1&#8243; _module_preset=\u00bbdefault\u00bb border_color_all=\u00bbgcid-cabca713-8874-4597-8eb3-60e34ae261f6&#8243; global_colors_info=\u00bb{%22gcid-cabca713-8874-4597-8eb3-60e34ae261f6%22:%91%22border_color_all%22%93}\u00bb][divi_pro_gallery gallery_ids=\u00bb111833,111834,111835,111836&#8243; image_size=\u00bbmedium_large\u00bb columns=\u00bb2&#8243; hide_filters=\u00bbon\u00bb hide_caption=\u00bbon\u00bb _builder_version=\u00bb4.20.1&#8243; _module_preset=\u00bbdefault\u00bb global_colors_info=\u00bb{}\u00bb][\/divi_pro_gallery][dipl_image_mask _builder_version=\u00bb4.20.1&#8243; _module_preset=\u00bbdefault\u00bb global_colors_info=\u00bb{}\u00bb][\/dipl_image_mask][\/et_pb_column][\/et_pb_row][et_pb_row column_structure=\u00bb2_5,3_5&#8243; _builder_version=\u00bb4.20.1&#8243; _module_preset=\u00bbdefault\u00bb custom_css_main_element=\u00bbdisplay: flex;||align-items: center;||flex-wrap: wrap;\u00bb global_colors_info=\u00bb{}\u00bb][et_pb_column type=\u00bb2_5&#8243; _builder_version=\u00bb4.20.1&#8243; _module_preset=\u00bbdefault\u00bb global_colors_info=\u00bb{}\u00bb][et_pb_image src=\u00bbhttps:\/\/capandin.it\/wp-content\/uploads\/comprensori-sciistici.jpg\u00bb title_text=\u00bbcomprensori-sciistici\u00bb align=\u00bbcenter\u00bb _builder_version=\u00bb4.20.1&#8243; _module_preset=\u00bbdefault\u00bb box_shadow_style=\u00bbpreset3&#8243; global_colors_info=\u00bb{}\u00bb][\/et_pb_image][\/et_pb_column][et_pb_column type=\u00bb3_5&#8243; _builder_version=\u00bb4.20.1&#8243; _module_preset=\u00bbdefault\u00bb border_color_all=\u00bbgcid-cabca713-8874-4597-8eb3-60e34ae261f6&#8243; global_colors_info=\u00bb{%22gcid-cabca713-8874-4597-8eb3-60e34ae261f6%22:%91%22border_color_all%22%93}\u00bb][dipl_image_mask _builder_version=\u00bb4.20.1&#8243; _module_preset=\u00bbdefault\u00bb global_colors_info=\u00bb{}\u00bb][\/dipl_image_mask][et_pb_text admin_label=\u00bbAbout Us\u00bb _builder_version=\u00bb4.20.1&#8243; _module_preset=\u00bbdefault\u00bb header_font=\u00bb||||||||\u00bb header_font_size=\u00bb60px\u00bb header_2_font_size=\u00bb40px\u00bb header_3_font_size=\u00bb40px\u00bb header_4_font_size=\u00bb30px\u00bb header_5_font_size=\u00bb24px\u00bb header_6_text_color=\u00bb#bfbfbf\u00bb header_6_font_size=\u00bb20px\u00bb custom_margin=\u00bb||15px||false|false\u00bb header_font_size_tablet=\u00bb50px\u00bb header_font_size_phone=\u00bb40px\u00bb header_font_size_last_edited=\u00bbon|phone\u00bb header_2_font_size_tablet=\u00bb36px\u00bb header_2_font_size_phone=\u00bb32px\u00bb header_2_font_size_last_edited=\u00bbon|phone\u00bb header_3_font_size_tablet=\u00bb36px\u00bb header_3_font_size_phone=\u00bb32px\u00bb header_3_font_size_last_edited=\u00bbon|phone\u00bb header_4_font_size_tablet=\u00bb26px\u00bb header_4_font_size_phone=\u00bb22px\u00bb header_4_font_size_last_edited=\u00bbon|phone\u00bb header_5_font_size_tablet=\u00bb22px\u00bb header_5_font_size_phone=\u00bb20px\u00bb header_5_font_size_last_edited=\u00bbon|phone\u00bb header_6_font_size_tablet=\u00bb18px\u00bb header_6_font_size_phone=\u00bb16px\u00bb header_6_font_size_last_edited=\u00bbon|tablet\u00bb locked=\u00bboff\u00bb global_colors_info=\u00bb{}\u00bb]<\/p>\n<h2>Estaciones de esqu\u00ed <\/h2>\n<p>[\/et_pb_text][et_pb_text _builder_version=\u00bb4.20.1&#8243; _module_preset=\u00bbdefault\u00bb text_font=\u00bbPoppins|300|||||||\u00bb text_text_color=\u00bb#000000&#8243; text_font_size=\u00bb16px\u00bb text_line_height=\u00bb1.8em\u00bb text_font_size_tablet=\u00bb16px\u00bb text_font_size_phone=\u00bb14px\u00bb text_font_size_last_edited=\u00bbon|phone\u00bb global_colors_info=\u00bb{}\u00bb]<\/p>\n<p><span>A 20 minutos en coche est\u00e1n las estaciones de esqu\u00ed de<\/span><strong><span> <\/span>Prato Nevoso, Artesina y Limone Piemonte<\/strong><span>. Especialmente el pa\u00eds de <\/span><strong>Prado nevado<\/strong><span> est\u00e1 situado a 1500 metros de altitud en el municipio de<\/span><strong>Frabosa Sottana<\/strong><span> (CN), y es f\u00e1cilmente accesible gracias a su \u00f3ptima ubicaci\u00f3n que permite llegar, en poco m\u00e1s de una hora en coche, desde las principales ciudades del<\/span><strong>Piamonte<\/strong><span> y el<\/span><strong>Liguria<\/strong><span>. Pendientes suaves y pistas abiertas hacen de Prato Nevoso la estaci\u00f3n de esqu\u00ed ideal para quienes se acercan por primera vez al mundo de la nieve, tanto ni\u00f1os como adultos<\/span><\/p>\n<p>[\/et_pb_text][\/et_pb_column][\/et_pb_row][\/et_pb_section]<\/p>\n","protected":false},"excerpt":{"rendered":"<p>Ca d\u2019Pandin Los or\u00edgenes del nombreEl nombre de Ca d&#8217;Pandin procede del apodo con el que se conoc\u00eda a los tatarabuelos de la Familia Dutto, los propietarios de la estructura. De hecho, cada zona de la ciudad de Peveragno correspond\u00eda a un \u00abstranom\u00bb y el de la zona donde se encuentra la estructura es precisamente [&hellip;]<\/p>\n","protected":false},"author":1,"featured_media":0,"parent":0,"menu_order":0,"comment_status":"closed","ping_status":"closed","template":"","meta":{"_et_pb_use_builder":"on","_et_pb_old_content":"","_et_gb_content_width":"","footnotes":""},"class_list":["post-114076","page","type-page","status-publish","hentry"],"_links":{"self":[{"href":"https:\/\/www.capandin.it\/es\/wp-json\/wp\/v2\/pages\/114076","targetHints":{"allow":["GET"]}}],"collection":[{"href":"https:\/\/www.capandin.it\/es\/wp-json\/wp\/v2\/pages"}],"about":[{"href":"https:\/\/www.capandin.it\/es\/wp-json\/wp\/v2\/types\/page"}],"author":[{"embeddable":true,"href":"https:\/\/www.capandin.it\/es\/wp-json\/wp\/v2\/users\/1"}],"replies":[{"embeddable":true,"href":"https:\/\/www.capandin.it\/es\/wp-json\/wp\/v2\/comments?post=114076"}],"version-history":[{"count":3,"href":"https:\/\/www.capandin.it\/es\/wp-json\/wp\/v2\/pages\/114076\/revisions"}],"predecessor-version":[{"id":114079,"href":"https:\/\/www.capandin.it\/es\/wp-json\/wp\/v2\/pages\/114076\/revisions\/114079"}],"wp:attachment":[{"href":"https:\/\/www.capandin.it\/es\/wp-json\/wp\/v2\/media?parent=114076"}],"curies":[{"name":"wp","href":"https:\/\/api.w.org\/{rel}","templated":true}]}}