{"id":114080,"date":"2020-10-21T05:11:13","date_gmt":"2020-10-21T03:11:13","guid":{"rendered":"https:\/\/www.capandin.it\/contactos\/"},"modified":"2023-11-09T17:06:19","modified_gmt":"2023-11-09T16:06:19","slug":"contactos","status":"publish","type":"page","link":"https:\/\/www.capandin.it\/es\/contactos\/","title":{"rendered":"Contactos"},"content":{"rendered":"<p>[et_pb_section fb_built=\u00bb1&#8243; admin_label=\u00bbInner Page Hero Section 1&#8243; _builder_version=\u00bb4.22.1&#8243; _module_preset=\u00bbdefault\u00bb use_background_color_gradient=\u00bbon\u00bb background_color_gradient_stops=\u00bb#000000 0%|#ffffff 100%\u00bb background_image=\u00bbhttps:\/\/capandin.it\/wp-content\/uploads\/facciata-capandin.jpeg\u00bb background_size=\u00bbinitial\u00bb background_position=\u00bbtop_center\u00bb background_blend=\u00bbdarken\u00bb global_module=\u00bb92519&#8243; saved_tabs=\u00bball\u00bb locked=\u00bboff\u00bb global_colors_info=\u00bb{}\u00bb][et_pb_row _builder_version=\u00bb4.20.2&#8243; _module_preset=\u00bbdefault\u00bb global_colors_info=\u00bb{}\u00bb][et_pb_column type=\u00bb4_4&#8243; _builder_version=\u00bb4.16&#8243; _module_preset=\u00bbdefault\u00bb global_colors_info=\u00bb{}\u00bb][et_pb_post_title meta=\u00bboff\u00bb featured_image=\u00bboff\u00bb text_color=\u00bblight\u00bb _builder_version=\u00bb4.20.2&#8243; _module_preset=\u00bbdefault\u00bb title_font_size=\u00bb50px\u00bb text_orientation=\u00bbcenter\u00bb title_font_size_tablet=\u00bb46px\u00bb title_font_size_phone=\u00bb42px\u00bb title_font_size_last_edited=\u00bbon|phone\u00bb global_colors_info=\u00bb{}\u00bb][\/et_pb_post_title][\/et_pb_column][\/et_pb_row][\/et_pb_section][et_pb_section fb_built=\u00bb1&#8243; _builder_version=\u00bb4.16&#8243; _module_preset=\u00bbdefault\u00bb background_enable_color=\u00bboff\u00bb locked=\u00bboff\u00bb global_colors_info=\u00bb{}\u00bb][et_pb_row column_structure=\u00bb2_5,3_5&#8243; _builder_version=\u00bb4.16&#8243; _module_preset=\u00bbdefault\u00bb global_colors_info=\u00bb{}\u00bb][et_pb_column type=\u00bb2_5&#8243; _builder_version=\u00bb4.16&#8243; _module_preset=\u00bbdefault\u00bb global_colors_info=\u00bb{}\u00bb][et_pb_text admin_label=\u00bbContact Details\u00bb _builder_version=\u00bb4.20.1&#8243; _module_preset=\u00bbdefault\u00bb header_font=\u00bb||||||||\u00bb header_font_size=\u00bb60px\u00bb header_2_font_size=\u00bb50px\u00bb header_3_font_size=\u00bb40px\u00bb header_4_font_size=\u00bb30px\u00bb header_5_font_size=\u00bb24px\u00bb custom_margin=\u00bb||0px||false|false\u00bb header_font_size_tablet=\u00bb50px\u00bb header_font_size_phone=\u00bb40px\u00bb header_font_size_last_edited=\u00bbon|phone\u00bb header_2_font_size_tablet=\u00bb40px\u00bb header_2_font_size_phone=\u00bb30px\u00bb header_2_font_size_last_edited=\u00bbon|phone\u00bb header_3_font_size_tablet=\u00bb36px\u00bb header_3_font_size_phone=\u00bb32px\u00bb header_3_font_size_last_edited=\u00bbon|phone\u00bb header_4_font_size_tablet=\u00bb26px\u00bb header_4_font_size_phone=\u00bb22px\u00bb header_4_font_size_last_edited=\u00bbon|phone\u00bb header_5_font_size_tablet=\u00bb22px\u00bb header_5_font_size_phone=\u00bb20px\u00bb header_5_font_size_last_edited=\u00bbon|phone\u00bb locked=\u00bboff\u00bb global_colors_info=\u00bb{}\u00bb]<\/p>\n<h5>P\u00f3ngase en contacto con el B&amp;B CA D&#8217;PANDIN<\/h5>\n<p>[\/et_pb_text][et_pb_blurb title=\u00bbDirecci\u00f3n\u00bb use_icon=\u00bbon\u00bb font_icon=\u00bb&#xe081;||divi||400&#8243; icon_color=\u00bbgcid-cabca713-8874-4597-8eb3-60e34ae261f6&#8243; image_icon_background_color=\u00bbrgba(126,190,197,0)\u00bb icon_placement=\u00bbleft\u00bb image_icon_width=\u00bb48px\u00bb disabled_on=\u00bboff|off|off\u00bb admin_label=\u00bbAddress\u00bb _builder_version=\u00bb4.20.1&#8243; _module_preset=\u00bbdefault\u00bb header_font=\u00bbPoppins|600|||||||\u00bb header_text_color=\u00bbgcid-cabca713-8874-4597-8eb3-60e34ae261f6&#8243; header_font_size=\u00bb22px\u00bb body_font=\u00bbPoppins||||||||\u00bb body_text_color=\u00bb#383838&#8243; body_font_size=\u00bb18px\u00bb image_icon_custom_padding=\u00bb8px|8px|8px|8px|false|false\u00bb custom_margin=\u00bb||0px||false|false\u00bb custom_padding=\u00bb10px|50px|10px||true|false\u00bb animation=\u00bboff\u00bb custom_css_blurb_title=\u00bbpadding-bottom: 5px;\u00bb border_radii_image=\u00bbon|100%|100%|100%|100%\u00bb border_width_all_image=\u00bb2px\u00bb border_color_all_image=\u00bbgcid-cabca713-8874-4597-8eb3-60e34ae261f6&#8243; icon_font_size_phone=\u00bb14px\u00bb icon_font_size_last_edited=\u00bboff|desktop\u00bb use_circle=\u00bbon\u00bb use_circle_border=\u00bbon\u00bb circle_border_color=\u00bb#e02b20&#8243; circle_color=\u00bbrgba(126,190,197,0)\u00bb global_colors_info=\u00bb{%22gcid-cabca713-8874-4597-8eb3-60e34ae261f6%22:%91%22icon_color%22,%22border_color_all_image%22,%22header_text_color%22%93}\u00bb image_icon_background_color__sticky_enabled=\u00bb#e2234f\u00bb image_icon_background_color__sticky=\u00bb#e2234f\u00bb]<\/p>\n<p>Via Eretta 37 \u2013 12016 \u2013 Peveragno (CN)<\/p>\n<p>[\/et_pb_blurb][et_pb_blurb title=\u00bbTel\u00e9fono\u00bb url=\u00bbtel:0000000000&#8243; use_icon=\u00bbon\u00bb font_icon=\u00bb&#xe090;||divi||400&#8243; icon_color=\u00bbgcid-cabca713-8874-4597-8eb3-60e34ae261f6&#8243; image_icon_background_color=\u00bbrgba(126,190,197,0)\u00bb icon_placement=\u00bbleft\u00bb image_icon_width=\u00bb48px\u00bb disabled_on=\u00bboff|off|off\u00bb admin_label=\u00bbPhone\u00bb _builder_version=\u00bb4.23.1&#8243; _module_preset=\u00bbdefault\u00bb header_font=\u00bbPoppins|600|||||||\u00bb header_text_color=\u00bbgcid-cabca713-8874-4597-8eb3-60e34ae261f6&#8243; header_font_size=\u00bb22px\u00bb body_font=\u00bbPoppins||||||||\u00bb body_text_color=\u00bb#383838&#8243; body_font_size=\u00bb18px\u00bb image_icon_custom_padding=\u00bb8px|8px|8px|8px|false|false\u00bb custom_margin=\u00bb||0px||false|false\u00bb custom_padding=\u00bb10px|50px|10px||true|false\u00bb animation=\u00bboff\u00bb hover_enabled=\u00bb0&#8243; custom_css_blurb_title=\u00bbpadding-bottom: 5px;\u00bb border_radii_image=\u00bbon|100%|100%|100%|100%\u00bb border_width_all_image=\u00bb2px\u00bb border_color_all_image=\u00bbgcid-cabca713-8874-4597-8eb3-60e34ae261f6&#8243; icon_font_size_phone=\u00bb14px\u00bb icon_font_size_last_edited=\u00bboff|desktop\u00bb use_circle=\u00bbon\u00bb use_circle_border=\u00bbon\u00bb circle_border_color=\u00bb#e02b20&#8243; circle_color=\u00bbrgba(126,190,197,0)\u00bb global_colors_info=\u00bb{%22gcid-cabca713-8874-4597-8eb3-60e34ae261f6%22:%91%22icon_color%22,%22border_color_all_image%22,%22header_text_color%22,%22icon_color%22,%22border_color_all_image%22,%22header_text_color%22%93}\u00bb custom_css_blurb_title_last_edited=\u00bboff|tablet\u00bb image_icon_background_color__sticky_enabled=\u00bb#e2234f\u00bb image_icon_background_color__sticky=\u00bb#e2234f\u00bb sticky_enabled=\u00bb0&#8243;]<a href=\"tel:+393248347609\" style=\"color: #333333;\">+39 3248347609<\/a>[\/et_pb_blurb][et_pb_blurb title=\u00bbEmail\u00bb url=\u00bbmailto:abc@example.com\u00bb use_icon=\u00bbon\u00bb font_icon=\u00bb&#xe076;||divi||400&#8243; icon_color=\u00bbgcid-cabca713-8874-4597-8eb3-60e34ae261f6&#8243; image_icon_background_color=\u00bbrgba(126,190,197,0)\u00bb icon_placement=\u00bbleft\u00bb image_icon_width=\u00bb48px\u00bb disabled_on=\u00bboff|off|off\u00bb admin_label=\u00bbEmail\u00bb _builder_version=\u00bb4.20.1&#8243; _module_preset=\u00bbdefault\u00bb header_font=\u00bbPoppins|600|||||||\u00bb header_text_color=\u00bbgcid-cabca713-8874-4597-8eb3-60e34ae261f6&#8243; header_font_size=\u00bb22px\u00bb body_font=\u00bbPoppins||||||||\u00bb body_text_color=\u00bb#383838&#8243; body_font_size=\u00bb18px\u00bb image_icon_custom_padding=\u00bb8px|8px|8px|8px|false|false\u00bb custom_margin=\u00bb||0px||false|false\u00bb custom_padding=\u00bb10px|50px|10px||true|false\u00bb animation=\u00bboff\u00bb custom_css_blurb_title=\u00bbpadding-bottom: 5px;\u00bb border_radii_image=\u00bbon|100%|100%|100%|100%\u00bb border_width_all_image=\u00bb2px\u00bb border_color_all_image=\u00bbgcid-cabca713-8874-4597-8eb3-60e34ae261f6&#8243; icon_font_size_phone=\u00bb14px\u00bb icon_font_size_last_edited=\u00bboff|desktop\u00bb use_circle=\u00bbon\u00bb use_circle_border=\u00bbon\u00bb circle_border_color=\u00bb#e02b20&#8243; circle_color=\u00bbrgba(126,190,197,0)\u00bb global_colors_info=\u00bb{%22gcid-cabca713-8874-4597-8eb3-60e34ae261f6%22:%91%22icon_color%22,%22border_color_all_image%22,%22header_text_color%22,%22icon_color%22,%22border_color_all_image%22,%22header_text_color%22%93}\u00bb custom_css_blurb_title_last_edited=\u00bboff|tablet\u00bb image_icon_background_color__sticky_enabled=\u00bb#e2234f\u00bb image_icon_background_color__sticky=\u00bb#e2234f\u00bb]<\/p>\n<p>info@capandin.it<\/p>\n<p>[\/et_pb_blurb][et_pb_button button_url=\u00bbhttps:\/\/www.capandin.it\/es\/habitaciones\/\u00bb button_text=\u00bbRESERVAS \/ BOOKING\u00bb button_alignment=\u00bbcenter\u00bb admin_label=\u00bbRead More\u00bb _builder_version=\u00bb4.22.1&#8243; _module_preset=\u00bbdefault\u00bb custom_button=\u00bbon\u00bb button_text_size=\u00bb21px\u00bb button_text_color=\u00bb#ffffff\u00bb button_bg_color=\u00bbgcid-cabca713-8874-4597-8eb3-60e34ae261f6&#8243; button_bg_color_gradient_direction=\u00bb150deg\u00bb button_bg_color_gradient_stops=\u00bb#ef23b5 0%|#e2234f 100%\u00bb button_bg_color_gradient_start=\u00bb#ef23b5&#8243; button_bg_color_gradient_end=\u00bb#e2234f\u00bb button_border_width=\u00bb0px\u00bb button_border_radius=\u00bb5px\u00bb button_letter_spacing=\u00bb1px\u00bb button_font=\u00bbPoppins|||on|||||\u00bb button_icon=\u00bb&#xf562;||fa||900&#8243; button_icon_color=\u00bb#FFFFFF\u00bb transform_translate_linked__hover=\u00bboff\u00bb custom_margin=\u00bb20px||||false|false\u00bb custom_padding=\u00bb14px|50px|14px|50px|true|true\u00bb box_shadow_style=\u00bbpreset3&#8243; locked=\u00bboff\u00bb global_colors_info=\u00bb{%22gcid-cabca713-8874-4597-8eb3-60e34ae261f6%22:%91%22button_bg_color%22%93}\u00bb button_bg_color__hover_enabled=\u00bboff|hover\u00bb button_bg_enable_color__hover=\u00bboff\u00bb button_text_color__hover_enabled=\u00bboff|hover\u00bb button_text_color__hover=\u00bb#e2234f\u00bb custom_padding__hover_enabled=\u00bboff|desktop\u00bb transform_styles__hover_enabled=\u00bbon|hover\u00bb transform_scale__hover_enabled=\u00bbon|hover\u00bb transform_translate__hover_enabled=\u00bbon|hover\u00bb transform_rotate__hover_enabled=\u00bbon|desktop\u00bb transform_skew__hover_enabled=\u00bbon|desktop\u00bb transform_origin__hover_enabled=\u00bbon|desktop\u00bb transform_translate__hover=\u00bb0px|-5px\u00bb][\/et_pb_button][\/et_pb_column][et_pb_column type=\u00bb3_5&#8243; _builder_version=\u00bb4.16&#8243; _module_preset=\u00bbdefault\u00bb global_colors_info=\u00bb{}\u00bb][et_pb_text admin_label=\u00bbGet in Touch\u00bb _builder_version=\u00bb4.20.1&#8243; _module_preset=\u00bbdefault\u00bb header_font=\u00bb||||||||\u00bb header_font_size=\u00bb60px\u00bb header_2_font_size=\u00bb50px\u00bb header_3_font_size=\u00bb40px\u00bb header_4_font_size=\u00bb30px\u00bb header_5_font_size=\u00bb24px\u00bb custom_margin=\u00bb||0px||false|false\u00bb header_font_size_tablet=\u00bb50px\u00bb header_font_size_phone=\u00bb40px\u00bb header_font_size_last_edited=\u00bbon|phone\u00bb header_2_font_size_tablet=\u00bb40px\u00bb header_2_font_size_phone=\u00bb30px\u00bb header_2_font_size_last_edited=\u00bbon|phone\u00bb header_3_font_size_tablet=\u00bb36px\u00bb header_3_font_size_phone=\u00bb32px\u00bb header_3_font_size_last_edited=\u00bbon|phone\u00bb header_4_font_size_tablet=\u00bb26px\u00bb header_4_font_size_phone=\u00bb22px\u00bb header_4_font_size_last_edited=\u00bbon|phone\u00bb header_5_font_size_tablet=\u00bb22px\u00bb header_5_font_size_phone=\u00bb20px\u00bb header_5_font_size_last_edited=\u00bbon|phone\u00bb locked=\u00bboff\u00bb global_colors_info=\u00bb{}\u00bb]<\/p>\n<h5>Escr\u00edbanos<\/h5>\n<p>[\/et_pb_text][et_pb_text _builder_version=\u00bb4.20.1&#8243; _module_preset=\u00bbdefault\u00bb text_text_color=\u00bb#adadad\u00bb locked=\u00bboff\u00bb global_colors_info=\u00bb{}\u00bb]<\/p>\n<p>Rellene el siguiente formulario para enviarnos un correo electr\u00f3nico. \u00a1Nos pondremos en contacto con usted lo antes posible!<\/p>\n<p>[\/et_pb_text][et_pb_contact_form use_spam_service=\u00bbon\u00bb recaptcha_list=\u00bbcapandin|capandin-0&#8243; email=\u00bb info@capandin.it\u00bb custom_message=\u00bbNuovo messaggio ricevuto tramite il sito capandin.it||et_pb_line_break_holder||||et_pb_line_break_holder||Messaggio da parte di: %%Nome%% %%Cognome%%||et_pb_line_break_holder||Indirizzo email: %%Email%%||et_pb_line_break_holder||Telefono: %%Telefono%%||et_pb_line_break_holder||%%privacy%%||et_pb_line_break_holder||Messaggio: %%Messaggio%%||et_pb_line_break_holder||||et_pb_line_break_holder||Per rispondere, clicca su rispondi e invia un messaggio email\u00bb submit_button_text=\u00bbEnviar mensaje\u00bb module_class=\u00bbfx-left-aligned-form\u00bb _builder_version=\u00bb4.21.0&#8243; _module_preset=\u00bbdefault\u00bb _unique_id=\u00bb5cc59f80-a5da-427b-a7c5-b3c66ceffe44&#8243; form_field_background_color=\u00bb#ffffff\u00bb custom_button=\u00bbon\u00bb button_text_size=\u00bb14px\u00bb button_text_color=\u00bb#ffffff\u00bb button_bg_color=\u00bbgcid-cabca713-8874-4597-8eb3-60e34ae261f6&#8243; button_bg_color_gradient_direction=\u00bb150deg\u00bb button_bg_color_gradient_stops=\u00bb#ef23b5 0%|#e2234f 100%\u00bb button_bg_color_gradient_start=\u00bb#ef23b5&#8243; button_bg_color_gradient_end=\u00bb#e2234f\u00bb button_border_width=\u00bb0px\u00bb button_border_radius=\u00bb5px\u00bb button_letter_spacing=\u00bb1px\u00bb button_font=\u00bbPoppins|||on|||||\u00bb button_icon=\u00bb&#xf0e0;||fa||400&#8243; button_icon_color=\u00bb#FFFFFF\u00bb button_custom_margin=\u00bb20px||||false|false\u00bb button_custom_padding=\u00bb10px|40px|10px|40px|true|true\u00bb module_alignment=\u00bbcenter\u00bb custom_margin=\u00bb||||false|false\u00bb custom_padding=\u00bb||||false|false\u00bb border_width_all=\u00bb1px\u00bb border_color_all=\u00bb#cccccc\u00bb box_shadow_style_button=\u00bbpreset3&#8243; locked=\u00bboff\u00bb global_colors_info=\u00bb{%22gcid-cabca713-8874-4597-8eb3-60e34ae261f6%22:%91%22button_bg_color%22%93,%22gcid-3781423d-2072-452b-b49e-601799e9aa9a%22:%91%22button_bg_color__hover%22%93}\u00bb button_text_color__hover_enabled=\u00bbon|desktop\u00bb button_text_color__hover=\u00bb#ffffff\u00bb button_bg_color__hover_enabled=\u00bbon|hover\u00bb button_bg_color__hover=\u00bb#cc9900&#8243; button_bg_enable_color__hover=\u00bbon\u00bb][et_pb_contact_field field_id=\u00bbNome\u00bb field_title=\u00bbNombre\u00bb _builder_version=\u00bb4.21.0&#8243; global_colors_info=\u00bb{}\u00bb button_text_size__hover_enabled=\u00bboff\u00bb button_one_text_size__hover_enabled=\u00bboff\u00bb button_two_text_size__hover_enabled=\u00bboff\u00bb button_text_color__hover_enabled=\u00bboff\u00bb button_one_text_color__hover_enabled=\u00bboff\u00bb button_two_text_color__hover_enabled=\u00bboff\u00bb button_border_width__hover_enabled=\u00bboff\u00bb button_one_border_width__hover_enabled=\u00bboff\u00bb button_two_border_width__hover_enabled=\u00bboff\u00bb button_border_color__hover_enabled=\u00bboff\u00bb button_one_border_color__hover_enabled=\u00bboff\u00bb button_two_border_color__hover_enabled=\u00bboff\u00bb button_border_radius__hover_enabled=\u00bboff\u00bb button_one_border_radius__hover_enabled=\u00bboff\u00bb button_two_border_radius__hover_enabled=\u00bboff\u00bb button_letter_spacing__hover_enabled=\u00bboff\u00bb button_one_letter_spacing__hover_enabled=\u00bboff\u00bb button_two_letter_spacing__hover_enabled=\u00bboff\u00bb button_bg_color__hover_enabled=\u00bboff\u00bb button_one_bg_color__hover_enabled=\u00bboff\u00bb button_two_bg_color__hover_enabled=\u00bboff\u00bb][\/et_pb_contact_field][et_pb_contact_field field_id=\u00bbCognome\u00bb field_title=\u00bbApellido\u00bb _builder_version=\u00bb4.21.0&#8243; global_colors_info=\u00bb{}\u00bb button_text_size__hover_enabled=\u00bboff\u00bb button_one_text_size__hover_enabled=\u00bboff\u00bb button_two_text_size__hover_enabled=\u00bboff\u00bb button_text_color__hover_enabled=\u00bboff\u00bb button_one_text_color__hover_enabled=\u00bboff\u00bb button_two_text_color__hover_enabled=\u00bboff\u00bb button_border_width__hover_enabled=\u00bboff\u00bb button_one_border_width__hover_enabled=\u00bboff\u00bb button_two_border_width__hover_enabled=\u00bboff\u00bb button_border_color__hover_enabled=\u00bboff\u00bb button_one_border_color__hover_enabled=\u00bboff\u00bb button_two_border_color__hover_enabled=\u00bboff\u00bb button_border_radius__hover_enabled=\u00bboff\u00bb button_one_border_radius__hover_enabled=\u00bboff\u00bb button_two_border_radius__hover_enabled=\u00bboff\u00bb button_letter_spacing__hover_enabled=\u00bboff\u00bb button_one_letter_spacing__hover_enabled=\u00bboff\u00bb button_two_letter_spacing__hover_enabled=\u00bboff\u00bb button_bg_color__hover_enabled=\u00bboff\u00bb button_one_bg_color__hover_enabled=\u00bboff\u00bb button_two_bg_color__hover_enabled=\u00bboff\u00bb][\/et_pb_contact_field][et_pb_contact_field field_id=\u00bbEmail\u00bb field_title=\u00bbCorreo electr\u00f3nico\u00bb field_type=\u00bbemail\u00bb _builder_version=\u00bb4.21.0&#8243; global_colors_info=\u00bb{}\u00bb button_text_size__hover_enabled=\u00bboff\u00bb button_one_text_size__hover_enabled=\u00bboff\u00bb button_two_text_size__hover_enabled=\u00bboff\u00bb button_text_color__hover_enabled=\u00bboff\u00bb button_one_text_color__hover_enabled=\u00bboff\u00bb button_two_text_color__hover_enabled=\u00bboff\u00bb button_border_width__hover_enabled=\u00bboff\u00bb button_one_border_width__hover_enabled=\u00bboff\u00bb button_two_border_width__hover_enabled=\u00bboff\u00bb button_border_color__hover_enabled=\u00bboff\u00bb button_one_border_color__hover_enabled=\u00bboff\u00bb button_two_border_color__hover_enabled=\u00bboff\u00bb button_border_radius__hover_enabled=\u00bboff\u00bb button_one_border_radius__hover_enabled=\u00bboff\u00bb button_two_border_radius__hover_enabled=\u00bboff\u00bb button_letter_spacing__hover_enabled=\u00bboff\u00bb button_one_letter_spacing__hover_enabled=\u00bboff\u00bb button_two_letter_spacing__hover_enabled=\u00bboff\u00bb button_bg_color__hover_enabled=\u00bboff\u00bb button_one_bg_color__hover_enabled=\u00bboff\u00bb button_two_bg_color__hover_enabled=\u00bboff\u00bb][\/et_pb_contact_field][et_pb_contact_field field_id=\u00bbTelefono\u00bb field_title=\u00bbTel\u00e9fono\u00bb _builder_version=\u00bb4.21.0&#8243; global_colors_info=\u00bb{}\u00bb button_text_size__hover_enabled=\u00bboff\u00bb button_one_text_size__hover_enabled=\u00bboff\u00bb button_two_text_size__hover_enabled=\u00bboff\u00bb button_text_color__hover_enabled=\u00bboff\u00bb button_one_text_color__hover_enabled=\u00bboff\u00bb button_two_text_color__hover_enabled=\u00bboff\u00bb button_border_width__hover_enabled=\u00bboff\u00bb button_one_border_width__hover_enabled=\u00bboff\u00bb button_two_border_width__hover_enabled=\u00bboff\u00bb button_border_color__hover_enabled=\u00bboff\u00bb button_one_border_color__hover_enabled=\u00bboff\u00bb button_two_border_color__hover_enabled=\u00bboff\u00bb button_border_radius__hover_enabled=\u00bboff\u00bb button_one_border_radius__hover_enabled=\u00bboff\u00bb button_two_border_radius__hover_enabled=\u00bboff\u00bb button_letter_spacing__hover_enabled=\u00bboff\u00bb button_one_letter_spacing__hover_enabled=\u00bboff\u00bb button_two_letter_spacing__hover_enabled=\u00bboff\u00bb button_bg_color__hover_enabled=\u00bboff\u00bb button_one_bg_color__hover_enabled=\u00bboff\u00bb button_two_bg_color__hover_enabled=\u00bboff\u00bb][\/et_pb_contact_field][et_pb_contact_field field_id=\u00bbMessaggio\u00bb field_title=\u00bbMensaje\u00bb field_type=\u00bbtext\u00bb fullwidth_field=\u00bbon\u00bb _builder_version=\u00bb4.21.0&#8243; global_colors_info=\u00bb{}\u00bb button_text_size__hover_enabled=\u00bboff\u00bb button_one_text_size__hover_enabled=\u00bboff\u00bb button_two_text_size__hover_enabled=\u00bboff\u00bb button_text_color__hover_enabled=\u00bboff\u00bb button_one_text_color__hover_enabled=\u00bboff\u00bb button_two_text_color__hover_enabled=\u00bboff\u00bb button_border_width__hover_enabled=\u00bboff\u00bb button_one_border_width__hover_enabled=\u00bboff\u00bb button_two_border_width__hover_enabled=\u00bboff\u00bb button_border_color__hover_enabled=\u00bboff\u00bb button_one_border_color__hover_enabled=\u00bboff\u00bb button_two_border_color__hover_enabled=\u00bboff\u00bb button_border_radius__hover_enabled=\u00bboff\u00bb button_one_border_radius__hover_enabled=\u00bboff\u00bb button_two_border_radius__hover_enabled=\u00bboff\u00bb button_letter_spacing__hover_enabled=\u00bboff\u00bb button_one_letter_spacing__hover_enabled=\u00bboff\u00bb button_two_letter_spacing__hover_enabled=\u00bboff\u00bb button_bg_color__hover_enabled=\u00bboff\u00bb button_one_bg_color__hover_enabled=\u00bboff\u00bb button_two_bg_color__hover_enabled=\u00bboff\u00bb][\/et_pb_contact_field][et_pb_contact_field field_id=\u00bbprivacy\u00bb field_title=\u00bb \u00bb field_type=\u00bbcheckbox\u00bb checkbox_options=\u00bb%91{%22value%22:%22Autorizo el tratamiento de mis datos personales de conformidad con la Pol\u00edtica de privacidad En este sitio no se almacena ning\u00fan dato y no los transmitimos a terceros Para m\u00e1s informaci\u00f3n, haga clic %22,%22checked%22:0,%22dragID%22:-1,%22link_url%22:%22\\\/dichiarazione-sulla-privacy-ue\\\/?cmplz_region_redirect=true%22,%22link_text%22:%22aqu\u00ed%22}%93&#8243; fullwidth_field=\u00bbon\u00bb _builder_version=\u00bb4.21.0&#8243; _module_preset=\u00bbdefault\u00bb global_colors_info=\u00bb{}\u00bb][\/et_pb_contact_field][\/et_pb_contact_form][\/et_pb_column][\/et_pb_row][\/et_pb_section][et_pb_section fb_built=\u00bb1&#8243; fullwidth=\u00bbon\u00bb _builder_version=\u00bb4.22.1&#8243; _module_preset=\u00bbdefault\u00bb custom_margin=\u00bb||||false|false\u00bb custom_padding=\u00bb||||false|false\u00bb global_colors_info=\u00bb{}\u00bb][et_pb_fullwidth_code _builder_version=\u00bb4.22.1&#8243; _module_preset=\u00bbdefault\u00bb custom_padding=\u00bb||||false|false\u00bb global_colors_info=\u00bb{}\u00bb]<iframe src=\"https:\/\/www.google.com\/maps\/embed?pb=!1m18!1m12!1m3!1d2854.6576294137108!2d7.610673215519402!3d44.31698847910414!2m3!1f0!2f0!3f0!3m2!1i1024!2i768!4f13.1!3m3!1m2!1s0x12cd6f603251f663%3A0x969dfc89265ab69a!2sAgriturismo%20B%20%26%20B%20Ca%20D&#39;Pandin!5e0!3m2!1sit!2sit!4v1690559691767!5m2!1sit!2sit\" width=\"100%\" height=\"450\" style=\"border:0;\" allowfullscreen=\"\" loading=\"lazy\" referrerpolicy=\"no-referrer-when-downgrade\"><\/iframe>[\/et_pb_fullwidth_code][\/et_pb_section]<\/p>\n","protected":false},"excerpt":{"rendered":"<p>P\u00f3ngase en contacto con el B&amp;B CA D&#8217;PANDINVia Eretta 37 \u2013 12016 \u2013 Peveragno (CN)+39 3248347609info@capandin.itEscr\u00edbanosRellene el siguiente formulario para enviarnos un correo electr\u00f3nico. \u00a1Nos pondremos en contacto con usted lo antes posible!<\/p>\n","protected":false},"author":1,"featured_media":0,"parent":0,"menu_order":0,"comment_status":"closed","ping_status":"closed","template":"","meta":{"_et_pb_use_builder":"on","_et_pb_old_content":"","_et_gb_content_width":"","footnotes":""},"class_list":["post-114080","page","type-page","status-publish","hentry"],"_links":{"self":[{"href":"https:\/\/www.capandin.it\/es\/wp-json\/wp\/v2\/pages\/114080","targetHints":{"allow":["GET"]}}],"collection":[{"href":"https:\/\/www.capandin.it\/es\/wp-json\/wp\/v2\/pages"}],"about":[{"href":"https:\/\/www.capandin.it\/es\/wp-json\/wp\/v2\/types\/page"}],"author":[{"embeddable":true,"href":"https:\/\/www.capandin.it\/es\/wp-json\/wp\/v2\/users\/1"}],"replies":[{"embeddable":true,"href":"https:\/\/www.capandin.it\/es\/wp-json\/wp\/v2\/comments?post=114080"}],"version-history":[{"count":4,"href":"https:\/\/www.capandin.it\/es\/wp-json\/wp\/v2\/pages\/114080\/revisions"}],"predecessor-version":[{"id":115012,"href":"https:\/\/www.capandin.it\/es\/wp-json\/wp\/v2\/pages\/114080\/revisions\/115012"}],"wp:attachment":[{"href":"https:\/\/www.capandin.it\/es\/wp-json\/wp\/v2\/media?parent=114080"}],"curies":[{"name":"wp","href":"https:\/\/api.w.org\/{rel}","templated":true}]}}