{"id":114730,"date":"2023-08-10T09:42:01","date_gmt":"2023-08-10T07:42:01","guid":{"rendered":"https:\/\/www.capandin.it\/imprint\/"},"modified":"2023-08-10T09:42:01","modified_gmt":"2023-08-10T07:42:01","slug":"imprint","status":"publish","type":"page","link":"https:\/\/www.capandin.it\/fr\/imprint\/","title":{"rendered":"Imprint"},"content":{"rendered":"\n<!-- Legal document generated by Complianz | GDPR\/CCPA Cookie Consent https:\/\/wordpress.org\/plugins\/complianz-gdpr -->\n<div id=\"cmplz-document\" class=\"cmplz-document impressum cmplz-document-all\"><p><i>Cette imprint a \u00e9t\u00e9 mise \u00e0 jour pour la derni\u00e8re fois le 10\/08\/2023.<\/i><\/p><p class=\"cmplz-subtitle\">Le propri\u00e9taire de ce site web est\u00a0:<\/p><p>CA D&rsquo;PANDIN Di Dutto Franca Ditta Individuale<br>Via Eretta 37 \u2013 12016 \u2013 Peveragno (CN)<br>Italie<br>E-mail\u00a0:&nbsp;&#105;&#110;fo&#064;&#099;apa&#110;d&#105;&#110;&#046;it<br>Phone number: 3487805865<br>ID TVA\u00a0:&nbsp;01784430041<\/p><p class=\"cmplz-subtitle\">Le(s) repr\u00e9sentant(s) l\u00e9gal(aux) de CA D&rsquo;PANDIN Di Dutto Franca Ditta Individuale\u00a0:<\/p><p>Dutto Franca<\/p><h2>1. G\u00e9n\u00e9ral<\/h2><p class=\"cmplz-subtitle\">1.1 Nous sommes enregistr\u00e9s chez Cuneo sous le num\u00e9ro de licence ou d\u2019enregistrement\u00a0:<\/p><p><\/p><p>Nous sommes dispos\u00e9s ou oblig\u00e9s de participer \u00e0 des proc\u00e9dures de r\u00e8glement des litiges devant une commission d\u2019arbitrage des consommateurs.<\/p><h2>2. Les informations suivantes sont obligatoires selon la loi allemande.<\/h2><\/div>","protected":false},"excerpt":{"rendered":"","protected":false},"author":1,"featured_media":0,"parent":0,"menu_order":0,"comment_status":"closed","ping_status":"closed","template":"","meta":{"_et_pb_use_builder":"","_et_pb_old_content":"","_et_gb_content_width":"","footnotes":""},"class_list":["post-114730","page","type-page","status-publish","hentry"],"_links":{"self":[{"href":"https:\/\/www.capandin.it\/fr\/wp-json\/wp\/v2\/pages\/114730","targetHints":{"allow":["GET"]}}],"collection":[{"href":"https:\/\/www.capandin.it\/fr\/wp-json\/wp\/v2\/pages"}],"about":[{"href":"https:\/\/www.capandin.it\/fr\/wp-json\/wp\/v2\/types\/page"}],"author":[{"embeddable":true,"href":"https:\/\/www.capandin.it\/fr\/wp-json\/wp\/v2\/users\/1"}],"replies":[{"embeddable":true,"href":"https:\/\/www.capandin.it\/fr\/wp-json\/wp\/v2\/comments?post=114730"}],"version-history":[{"count":0,"href":"https:\/\/www.capandin.it\/fr\/wp-json\/wp\/v2\/pages\/114730\/revisions"}],"wp:attachment":[{"href":"https:\/\/www.capandin.it\/fr\/wp-json\/wp\/v2\/media?parent=114730"}],"curies":[{"name":"wp","href":"https:\/\/api.w.org\/{rel}","templated":true}]}}